{"id":40,"date":"2022-12-17T21:56:31","date_gmt":"2022-12-17T20:56:31","guid":{"rendered":"https:\/\/akce.forbescasino.cz\/ua\/?page_id=40"},"modified":"2024-06-19T13:57:12","modified_gmt":"2024-06-19T11:57:12","slug":"akce-forbescasino-cz","status":"publish","type":"page","link":"https:\/\/akce.forbescasino.cz\/ua\/","title":{"rendered":"\u0412\u0441\u0456 \u0431\u043e\u043d\u0443\u0441\u0438"},"content":{"rendered":"","protected":false},"excerpt":{"rendered":"","protected":false},"author":1,"featured_media":0,"parent":0,"menu_order":0,"comment_status":"closed","ping_status":"closed","template":"","meta":{"_acf_changed":false,"inline_featured_image":false,"footnotes":""},"class_list":["post-40","page","type-page","status-publish","hentry"],"acf":[],"yoast_head":"<!-- This site is optimized with the Yoast SEO plugin v27.6 - https:\/\/yoast.com\/product\/yoast-seo-wordpress\/ -->\n<title>\u0412\u0441\u0456 \u0431\u043e\u043d\u0443\u0441\u0438 - Nejv\u011bt\u0161\u00ed nab\u00eddka bonus\u016f v \u010cesku!<\/title>\n<meta name=\"robots\" content=\"index, follow, max-snippet:-1, max-image-preview:large, max-video-preview:-1\" \/>\n<link rel=\"canonical\" href=\"https:\/\/akce.forbescasino.cz\/ua\/\" \/>\n<meta property=\"og:locale\" content=\"cs_CZ\" \/>\n<meta property=\"og:type\" content=\"article\" \/>\n<meta property=\"og:title\" content=\"\u0412\u0441\u0456 \u0431\u043e\u043d\u0443\u0441\u0438 - Nejv\u011bt\u0161\u00ed nab\u00eddka bonus\u016f v \u010cesku!\" \/>\n<meta property=\"og:url\" content=\"https:\/\/akce.forbescasino.cz\/ua\/\" \/>\n<meta property=\"og:site_name\" content=\"akce.forbescasino.cz\" \/>\n<meta property=\"article:modified_time\" content=\"2024-06-19T11:57:12+00:00\" \/>\n<meta name=\"twitter:card\" content=\"summary_large_image\" \/>\n<meta name=\"twitter:label1\" content=\"Odhadovan\u00e1 doba \u010dten\u00ed\" \/>\n\t<meta name=\"twitter:data1\" content=\"4 minuty\" \/>\n<script type=\"application\/ld+json\" class=\"yoast-schema-graph\">{\"@context\":\"https:\\\/\\\/schema.org\",\"@graph\":[{\"@type\":\"WebPage\",\"@id\":\"https:\\\/\\\/akce.forbescasino.cz\\\/ua\\\/\",\"url\":\"https:\\\/\\\/akce.forbescasino.cz\\\/ua\\\/\",\"name\":\"\u0412\u0441\u0456 \u0431\u043e\u043d\u0443\u0441\u0438 - Nejv\u011bt\u0161\u00ed nab\u00eddka bonus\u016f v \u010cesku!\",\"isPartOf\":{\"@id\":\"https:\\\/\\\/akce.forbescasino.cz\\\/ua\\\/#website\"},\"datePublished\":\"2022-12-17T20:56:31+00:00\",\"dateModified\":\"2024-06-19T11:57:12+00:00\",\"breadcrumb\":{\"@id\":\"https:\\\/\\\/akce.forbescasino.cz\\\/ua\\\/#breadcrumb\"},\"inLanguage\":\"cs\",\"potentialAction\":[{\"@type\":\"ReadAction\",\"target\":[\"https:\\\/\\\/akce.forbescasino.cz\\\/ua\\\/\"]}]},{\"@type\":\"BreadcrumbList\",\"@id\":\"https:\\\/\\\/akce.forbescasino.cz\\\/ua\\\/#breadcrumb\",\"itemListElement\":[{\"@type\":\"ListItem\",\"position\":1,\"name\":\"Dom\u016f\",\"item\":\"https:\\\/\\\/akce.forbescasino.cz\\\/ua\\\/\"},{\"@type\":\"ListItem\",\"position\":2,\"name\":\"\u0412\u0441\u0456 \u0431\u043e\u043d\u0443\u0441\u0438\"}]},{\"@type\":\"WebSite\",\"@id\":\"https:\\\/\\\/akce.forbescasino.cz\\\/ua\\\/#website\",\"url\":\"https:\\\/\\\/akce.forbescasino.cz\\\/ua\\\/\",\"name\":\"akce.forbescasino.cz\",\"description\":\"Nejv\u011bt\u0161\u00ed nab\u00eddka bonus\u016f v \u010cesku!\",\"alternateName\":\"Nejv\u011bt\u0161\u00ed nab\u00eddka online casino bonus\u016f v \u010cesku\",\"potentialAction\":[{\"@type\":\"SearchAction\",\"target\":{\"@type\":\"EntryPoint\",\"urlTemplate\":\"https:\\\/\\\/akce.forbescasino.cz\\\/ua\\\/?s={search_term_string}\"},\"query-input\":{\"@type\":\"PropertyValueSpecification\",\"valueRequired\":true,\"valueName\":\"search_term_string\"}}],\"inLanguage\":\"cs\"}]}<\/script>\n<!-- \/ Yoast SEO plugin. -->","yoast_head_json":{"title":"\u0412\u0441\u0456 \u0431\u043e\u043d\u0443\u0441\u0438 - Nejv\u011bt\u0161\u00ed nab\u00eddka bonus\u016f v \u010cesku!","robots":{"index":"index","follow":"follow","max-snippet":"max-snippet:-1","max-image-preview":"max-image-preview:large","max-video-preview":"max-video-preview:-1"},"canonical":"https:\/\/akce.forbescasino.cz\/ua\/","og_locale":"cs_CZ","og_type":"article","og_title":"\u0412\u0441\u0456 \u0431\u043e\u043d\u0443\u0441\u0438 - Nejv\u011bt\u0161\u00ed nab\u00eddka bonus\u016f v \u010cesku!","og_url":"https:\/\/akce.forbescasino.cz\/ua\/","og_site_name":"akce.forbescasino.cz","article_modified_time":"2024-06-19T11:57:12+00:00","twitter_card":"summary_large_image","twitter_misc":{"Odhadovan\u00e1 doba \u010dten\u00ed":"4 minuty"},"schema":{"@context":"https:\/\/schema.org","@graph":[{"@type":"WebPage","@id":"https:\/\/akce.forbescasino.cz\/ua\/","url":"https:\/\/akce.forbescasino.cz\/ua\/","name":"\u0412\u0441\u0456 \u0431\u043e\u043d\u0443\u0441\u0438 - Nejv\u011bt\u0161\u00ed nab\u00eddka bonus\u016f v \u010cesku!","isPartOf":{"@id":"https:\/\/akce.forbescasino.cz\/ua\/#website"},"datePublished":"2022-12-17T20:56:31+00:00","dateModified":"2024-06-19T11:57:12+00:00","breadcrumb":{"@id":"https:\/\/akce.forbescasino.cz\/ua\/#breadcrumb"},"inLanguage":"cs","potentialAction":[{"@type":"ReadAction","target":["https:\/\/akce.forbescasino.cz\/ua\/"]}]},{"@type":"BreadcrumbList","@id":"https:\/\/akce.forbescasino.cz\/ua\/#breadcrumb","itemListElement":[{"@type":"ListItem","position":1,"name":"Dom\u016f","item":"https:\/\/akce.forbescasino.cz\/ua\/"},{"@type":"ListItem","position":2,"name":"\u0412\u0441\u0456 \u0431\u043e\u043d\u0443\u0441\u0438"}]},{"@type":"WebSite","@id":"https:\/\/akce.forbescasino.cz\/ua\/#website","url":"https:\/\/akce.forbescasino.cz\/ua\/","name":"akce.forbescasino.cz","description":"Nejv\u011bt\u0161\u00ed nab\u00eddka bonus\u016f v \u010cesku!","alternateName":"Nejv\u011bt\u0161\u00ed nab\u00eddka online casino bonus\u016f v \u010cesku","potentialAction":[{"@type":"SearchAction","target":{"@type":"EntryPoint","urlTemplate":"https:\/\/akce.forbescasino.cz\/ua\/?s={search_term_string}"},"query-input":{"@type":"PropertyValueSpecification","valueRequired":true,"valueName":"search_term_string"}}],"inLanguage":"cs"}]}},"_links":{"self":[{"href":"https:\/\/akce.forbescasino.cz\/ua\/wp-json\/wp\/v2\/pages\/40","targetHints":{"allow":["GET"]}}],"collection":[{"href":"https:\/\/akce.forbescasino.cz\/ua\/wp-json\/wp\/v2\/pages"}],"about":[{"href":"https:\/\/akce.forbescasino.cz\/ua\/wp-json\/wp\/v2\/types\/page"}],"author":[{"embeddable":true,"href":"https:\/\/akce.forbescasino.cz\/ua\/wp-json\/wp\/v2\/users\/1"}],"replies":[{"embeddable":true,"href":"https:\/\/akce.forbescasino.cz\/ua\/wp-json\/wp\/v2\/comments?post=40"}],"version-history":[{"count":0,"href":"https:\/\/akce.forbescasino.cz\/ua\/wp-json\/wp\/v2\/pages\/40\/revisions"}],"wp:attachment":[{"href":"https:\/\/akce.forbescasino.cz\/ua\/wp-json\/wp\/v2\/media?parent=40"}],"curies":[{"name":"wp","href":"https:\/\/api.w.org\/{rel}","templated":true}]}}