{"id":71,"date":"2022-12-22T23:11:08","date_gmt":"2022-12-22T22:11:08","guid":{"rendered":"https:\/\/akce.forbescasino.cz\/vn\/?page_id=71"},"modified":"2024-06-18T12:00:56","modified_gmt":"2024-06-18T10:00:56","slug":"tien-thuong-khuyen-mai","status":"publish","type":"page","link":"https:\/\/akce.forbescasino.cz\/vn\/tien-thuong-khuyen-mai\/","title":{"rendered":"ti\u1ec1n th\u01b0\u1edfng khuy\u1ebfn m\u00e3i"},"content":{"rendered":"","protected":false},"excerpt":{"rendered":"","protected":false},"author":1,"featured_media":0,"parent":0,"menu_order":20,"comment_status":"closed","ping_status":"closed","template":"","meta":{"_acf_changed":false,"inline_featured_image":false,"footnotes":""},"class_list":["post-71","page","type-page","status-publish","hentry"],"acf":[],"yoast_head":"<!-- This site is optimized with the Yoast SEO plugin v27.5 - https:\/\/yoast.com\/product\/yoast-seo-wordpress\/ -->\n<title>ti\u1ec1n th\u01b0\u1edfng khuy\u1ebfn m\u00e3i - akce.forbescasino.cz<\/title>\n<meta name=\"robots\" content=\"index, follow, max-snippet:-1, max-image-preview:large, max-video-preview:-1\" \/>\n<link rel=\"canonical\" href=\"https:\/\/akce.forbescasino.cz\/vn\/tien-thuong-khuyen-mai\/\" \/>\n<meta property=\"og:locale\" content=\"cs_CZ\" \/>\n<meta property=\"og:type\" content=\"article\" \/>\n<meta property=\"og:title\" content=\"ti\u1ec1n th\u01b0\u1edfng khuy\u1ebfn m\u00e3i - akce.forbescasino.cz\" \/>\n<meta property=\"og:url\" content=\"https:\/\/akce.forbescasino.cz\/vn\/tien-thuong-khuyen-mai\/\" \/>\n<meta property=\"og:site_name\" content=\"akce.forbescasino.cz\" \/>\n<meta property=\"article:modified_time\" content=\"2024-06-18T10:00:56+00:00\" \/>\n<meta name=\"twitter:card\" content=\"summary_large_image\" \/>\n<meta name=\"twitter:label1\" content=\"Odhadovan\u00e1 doba \u010dten\u00ed\" \/>\n\t<meta name=\"twitter:data1\" content=\"2 minuty\" \/>\n<script type=\"application\/ld+json\" class=\"yoast-schema-graph\">{\"@context\":\"https:\\\/\\\/schema.org\",\"@graph\":[{\"@type\":\"WebPage\",\"@id\":\"https:\\\/\\\/akce.forbescasino.cz\\\/vn\\\/tien-thuong-khuyen-mai\\\/\",\"url\":\"https:\\\/\\\/akce.forbescasino.cz\\\/vn\\\/tien-thuong-khuyen-mai\\\/\",\"name\":\"ti\u1ec1n th\u01b0\u1edfng khuy\u1ebfn m\u00e3i - akce.forbescasino.cz\",\"isPartOf\":{\"@id\":\"https:\\\/\\\/akce.forbescasino.cz\\\/vn\\\/#website\"},\"datePublished\":\"2022-12-22T22:11:08+00:00\",\"dateModified\":\"2024-06-18T10:00:56+00:00\",\"breadcrumb\":{\"@id\":\"https:\\\/\\\/akce.forbescasino.cz\\\/vn\\\/tien-thuong-khuyen-mai\\\/#breadcrumb\"},\"inLanguage\":\"cs\",\"potentialAction\":[{\"@type\":\"ReadAction\",\"target\":[\"https:\\\/\\\/akce.forbescasino.cz\\\/vn\\\/tien-thuong-khuyen-mai\\\/\"]}]},{\"@type\":\"BreadcrumbList\",\"@id\":\"https:\\\/\\\/akce.forbescasino.cz\\\/vn\\\/tien-thuong-khuyen-mai\\\/#breadcrumb\",\"itemListElement\":[{\"@type\":\"ListItem\",\"position\":1,\"name\":\"Dom\u016f\",\"item\":\"https:\\\/\\\/akce.forbescasino.cz\\\/vn\\\/\"},{\"@type\":\"ListItem\",\"position\":2,\"name\":\"ti\u1ec1n th\u01b0\u1edfng khuy\u1ebfn m\u00e3i\"}]},{\"@type\":\"WebSite\",\"@id\":\"https:\\\/\\\/akce.forbescasino.cz\\\/vn\\\/#website\",\"url\":\"https:\\\/\\\/akce.forbescasino.cz\\\/vn\\\/\",\"name\":\"akce.forbescasino.cz\",\"description\":\"Nejv\u011bt\u0161\u00ed nab\u00eddka bonus\u016f v \u010cesku!\",\"alternateName\":\"Nejv\u011bt\u0161\u00ed nab\u00eddka online casino bonus\u016f v \u010cesku\",\"potentialAction\":[{\"@type\":\"SearchAction\",\"target\":{\"@type\":\"EntryPoint\",\"urlTemplate\":\"https:\\\/\\\/akce.forbescasino.cz\\\/vn\\\/?s={search_term_string}\"},\"query-input\":{\"@type\":\"PropertyValueSpecification\",\"valueRequired\":true,\"valueName\":\"search_term_string\"}}],\"inLanguage\":\"cs\"}]}<\/script>\n<!-- \/ Yoast SEO plugin. -->","yoast_head_json":{"title":"ti\u1ec1n th\u01b0\u1edfng khuy\u1ebfn m\u00e3i - akce.forbescasino.cz","robots":{"index":"index","follow":"follow","max-snippet":"max-snippet:-1","max-image-preview":"max-image-preview:large","max-video-preview":"max-video-preview:-1"},"canonical":"https:\/\/akce.forbescasino.cz\/vn\/tien-thuong-khuyen-mai\/","og_locale":"cs_CZ","og_type":"article","og_title":"ti\u1ec1n th\u01b0\u1edfng khuy\u1ebfn m\u00e3i - akce.forbescasino.cz","og_url":"https:\/\/akce.forbescasino.cz\/vn\/tien-thuong-khuyen-mai\/","og_site_name":"akce.forbescasino.cz","article_modified_time":"2024-06-18T10:00:56+00:00","twitter_card":"summary_large_image","twitter_misc":{"Odhadovan\u00e1 doba \u010dten\u00ed":"2 minuty"},"schema":{"@context":"https:\/\/schema.org","@graph":[{"@type":"WebPage","@id":"https:\/\/akce.forbescasino.cz\/vn\/tien-thuong-khuyen-mai\/","url":"https:\/\/akce.forbescasino.cz\/vn\/tien-thuong-khuyen-mai\/","name":"ti\u1ec1n th\u01b0\u1edfng khuy\u1ebfn m\u00e3i - akce.forbescasino.cz","isPartOf":{"@id":"https:\/\/akce.forbescasino.cz\/vn\/#website"},"datePublished":"2022-12-22T22:11:08+00:00","dateModified":"2024-06-18T10:00:56+00:00","breadcrumb":{"@id":"https:\/\/akce.forbescasino.cz\/vn\/tien-thuong-khuyen-mai\/#breadcrumb"},"inLanguage":"cs","potentialAction":[{"@type":"ReadAction","target":["https:\/\/akce.forbescasino.cz\/vn\/tien-thuong-khuyen-mai\/"]}]},{"@type":"BreadcrumbList","@id":"https:\/\/akce.forbescasino.cz\/vn\/tien-thuong-khuyen-mai\/#breadcrumb","itemListElement":[{"@type":"ListItem","position":1,"name":"Dom\u016f","item":"https:\/\/akce.forbescasino.cz\/vn\/"},{"@type":"ListItem","position":2,"name":"ti\u1ec1n th\u01b0\u1edfng khuy\u1ebfn m\u00e3i"}]},{"@type":"WebSite","@id":"https:\/\/akce.forbescasino.cz\/vn\/#website","url":"https:\/\/akce.forbescasino.cz\/vn\/","name":"akce.forbescasino.cz","description":"Nejv\u011bt\u0161\u00ed nab\u00eddka bonus\u016f v \u010cesku!","alternateName":"Nejv\u011bt\u0161\u00ed nab\u00eddka online casino bonus\u016f v \u010cesku","potentialAction":[{"@type":"SearchAction","target":{"@type":"EntryPoint","urlTemplate":"https:\/\/akce.forbescasino.cz\/vn\/?s={search_term_string}"},"query-input":{"@type":"PropertyValueSpecification","valueRequired":true,"valueName":"search_term_string"}}],"inLanguage":"cs"}]}},"_links":{"self":[{"href":"https:\/\/akce.forbescasino.cz\/vn\/wp-json\/wp\/v2\/pages\/71","targetHints":{"allow":["GET"]}}],"collection":[{"href":"https:\/\/akce.forbescasino.cz\/vn\/wp-json\/wp\/v2\/pages"}],"about":[{"href":"https:\/\/akce.forbescasino.cz\/vn\/wp-json\/wp\/v2\/types\/page"}],"author":[{"embeddable":true,"href":"https:\/\/akce.forbescasino.cz\/vn\/wp-json\/wp\/v2\/users\/1"}],"replies":[{"embeddable":true,"href":"https:\/\/akce.forbescasino.cz\/vn\/wp-json\/wp\/v2\/comments?post=71"}],"version-history":[{"count":0,"href":"https:\/\/akce.forbescasino.cz\/vn\/wp-json\/wp\/v2\/pages\/71\/revisions"}],"wp:attachment":[{"href":"https:\/\/akce.forbescasino.cz\/vn\/wp-json\/wp\/v2\/media?parent=71"}],"curies":[{"name":"wp","href":"https:\/\/api.w.org\/{rel}","templated":true}]}}